{"id":1880,"date":"2024-01-25T13:44:57","date_gmt":"2024-01-25T16:44:57","guid":{"rendered":"https:\/\/advocaciajacques.com.br\/?page_id=1880"},"modified":"2024-01-25T16:40:55","modified_gmt":"2024-01-25T19:40:55","slug":"direito-trabalhista","status":"publish","type":"page","link":"https:\/\/advocaciajacques.com.br\/index.php\/direito-trabalhista\/","title":{"rendered":"Direito Trabalhista"},"content":{"rendered":"\t\t<div data-elementor-type=\"wp-page\" data-elementor-id=\"1880\" class=\"elementor elementor-1880\">\n\t\t\t\t\t\t\t<div class=\"elementor-element elementor-element-13e12dfa e-flex e-con-boxed e-con e-parent\" data-id=\"13e12dfa\" data-element_type=\"container\" data-settings=\"{&quot;background_background&quot;:&quot;classic&quot;,&quot;content_width&quot;:&quot;boxed&quot;}\" data-core-v316-plus=\"true\">\n\t\t\t\t\t<div class=\"e-con-inner\">\n\t\t<div class=\"elementor-element elementor-element-1c4ababd e-con-full e-flex e-con e-child\" data-id=\"1c4ababd\" data-element_type=\"container\" data-settings=\"{&quot;content_width&quot;:&quot;full&quot;}\">\n\t\t\t\t<\/div>\n\t\t<div class=\"elementor-element elementor-element-46361a01 e-flex e-con-boxed e-con e-child\" data-id=\"46361a01\" data-element_type=\"container\" data-settings=\"{&quot;content_width&quot;:&quot;boxed&quot;}\">\n\t\t\t\t\t<div class=\"e-con-inner\">\n\t\t\t\t<div class=\"elementor-element elementor-element-561e9689 elementor-widget elementor-widget-heading\" data-id=\"561e9689\" data-element_type=\"widget\" data-widget_type=\"heading.default\">\n\t\t\t\t<div class=\"elementor-widget-container\">\n\t\t\t<style>\/*! elementor - v3.17.0 - 01-11-2023 *\/\n.elementor-heading-title{padding:0;margin:0;line-height:1}.elementor-widget-heading .elementor-heading-title[class*=elementor-size-]>a{color:inherit;font-size:inherit;line-height:inherit}.elementor-widget-heading .elementor-heading-title.elementor-size-small{font-size:15px}.elementor-widget-heading .elementor-heading-title.elementor-size-medium{font-size:19px}.elementor-widget-heading .elementor-heading-title.elementor-size-large{font-size:29px}.elementor-widget-heading .elementor-heading-title.elementor-size-xl{font-size:39px}.elementor-widget-heading .elementor-heading-title.elementor-size-xxl{font-size:59px}<\/style><h2 class=\"elementor-heading-title elementor-size-default\">Direito Trabalhista <\/h2>\t\t<\/div>\n\t\t\t\t<\/div>\n\t\t\t\t\t<\/div>\n\t\t\t\t<\/div>\n\t\t\t\t\t<\/div>\n\t\t\t\t<\/div>\n\t\t<div class=\"elementor-element elementor-element-01cb798 e-flex e-con-boxed e-con e-parent\" data-id=\"01cb798\" data-element_type=\"container\" data-settings=\"{&quot;background_background&quot;:&quot;classic&quot;,&quot;content_width&quot;:&quot;boxed&quot;}\" data-core-v316-plus=\"true\">\n\t\t\t\t\t<div class=\"e-con-inner\">\n\t\t<div class=\"elementor-element elementor-element-0603a13 e-con-full e-flex e-con e-child\" data-id=\"0603a13\" data-element_type=\"container\" data-settings=\"{&quot;content_width&quot;:&quot;full&quot;}\">\n\t\t<div class=\"elementor-element elementor-element-9fc2213 e-con-full e-flex e-con e-child\" data-id=\"9fc2213\" data-element_type=\"container\" data-settings=\"{&quot;content_width&quot;:&quot;full&quot;,&quot;background_background&quot;:&quot;classic&quot;}\">\n\t\t\t\t<div class=\"elementor-element elementor-element-28368de elementor-widget elementor-widget-image\" data-id=\"28368de\" data-element_type=\"widget\" data-widget_type=\"image.default\">\n\t\t\t\t<div class=\"elementor-widget-container\">\n\t\t\t<style>\/*! elementor - v3.17.0 - 01-11-2023 *\/\n.elementor-widget-image{text-align:center}.elementor-widget-image a{display:inline-block}.elementor-widget-image a img[src$=\".svg\"]{width:48px}.elementor-widget-image img{vertical-align:middle;display:inline-block}<\/style>\t\t\t\t\t\t\t\t\t\t\t\t<img fetchpriority=\"high\" decoding=\"async\" width=\"768\" height=\"512\" src=\"https:\/\/advocaciajacques.com.br\/wp-content\/uploads\/2024\/01\/close-up-workers-with-briefcases-768x512.jpg\" class=\"attachment-medium_large size-medium_large wp-image-1587\" alt=\"\" srcset=\"https:\/\/advocaciajacques.com.br\/wp-content\/uploads\/2024\/01\/close-up-workers-with-briefcases-768x512.jpg 768w, https:\/\/advocaciajacques.com.br\/wp-content\/uploads\/2024\/01\/close-up-workers-with-briefcases-300x200.jpg 300w, https:\/\/advocaciajacques.com.br\/wp-content\/uploads\/2024\/01\/close-up-workers-with-briefcases-1024x683.jpg 1024w, https:\/\/advocaciajacques.com.br\/wp-content\/uploads\/2024\/01\/close-up-workers-with-briefcases-1536x1024.jpg 1536w, https:\/\/advocaciajacques.com.br\/wp-content\/uploads\/2024\/01\/close-up-workers-with-briefcases-2048x1365.jpg 2048w\" sizes=\"(max-width: 768px) 100vw, 768px\" \/>\t\t\t\t\t\t\t\t\t\t\t\t\t\t\t<\/div>\n\t\t\t\t<\/div>\n\t\t\t\t<\/div>\n\t\t\t\t<div class=\"elementor-element elementor-element-8d243f6 elementor-widget elementor-widget-text-editor\" data-id=\"8d243f6\" data-element_type=\"widget\" data-widget_type=\"text-editor.default\">\n\t\t\t\t<div class=\"elementor-widget-container\">\n\t\t\t<style>\/*! elementor - v3.17.0 - 01-11-2023 *\/\n.elementor-widget-text-editor.elementor-drop-cap-view-stacked .elementor-drop-cap{background-color:#69727d;color:#fff}.elementor-widget-text-editor.elementor-drop-cap-view-framed .elementor-drop-cap{color:#69727d;border:3px solid;background-color:transparent}.elementor-widget-text-editor:not(.elementor-drop-cap-view-default) .elementor-drop-cap{margin-top:8px}.elementor-widget-text-editor:not(.elementor-drop-cap-view-default) .elementor-drop-cap-letter{width:1em;height:1em}.elementor-widget-text-editor .elementor-drop-cap{float:left;text-align:center;line-height:1;font-size:50px}.elementor-widget-text-editor .elementor-drop-cap-letter{display:inline-block}<\/style>\t\t\t\t<div class=\"flex-1 overflow-hidden\"><div class=\"react-scroll-to-bottom--css-vhdyp-79elbk h-full\"><div class=\"react-scroll-to-bottom--css-vhdyp-1n7m0yu\"><div class=\"flex flex-col pb-9 text-sm\"><div class=\"w-full text-token-text-primary\" data-testid=\"conversation-turn-25\"><div class=\"px-4 py-2 justify-center text-base md:gap-6 m-auto\"><div class=\"flex flex-1 text-base mx-auto gap-3 md:px-5 lg:px-1 xl:px-5 md:max-w-3xl lg:max-w-[40rem] xl:max-w-[48rem] group final-completion\"><div class=\"relative flex w-full flex-col lg:w-[calc(100%-115px)] agent-turn\"><div class=\"flex-col gap-1 md:gap-3\"><div class=\"flex flex-grow flex-col max-w-full\"><div class=\"min-h-[20px] text-message flex flex-col items-start gap-3 whitespace-pre-wrap break-words [.text-message+&amp;]:mt-5 overflow-x-auto\" data-message-author-role=\"assistant\" data-message-id=\"7db67daa-99f2-48a5-9755-1c0245b0c367\"><div class=\"markdown prose w-full break-words dark:prose-invert light\"><p>A Advocacia Jacques Cardoso da Cruz presta servi\u00e7os especializados na \u00e1rea trabalhista, assegurando os direitos e interesses de trabalhadores e empregadores. Abaixo, destacamos alguns dos principais aspectos do nosso atendimento nessa \u00e1rea:<\/p><\/div><\/div><\/div><\/div><\/div><\/div><\/div><\/div><\/div><\/div><\/div><\/div>\t\t\t\t\t\t<\/div>\n\t\t\t\t<\/div>\n\t\t\t\t<div class=\"elementor-element elementor-element-84394b2 elementor-widget elementor-widget-text-editor\" data-id=\"84394b2\" data-element_type=\"widget\" data-widget_type=\"text-editor.default\">\n\t\t\t\t<div class=\"elementor-widget-container\">\n\t\t\t\t\t\t\t<p><strong>Rescis\u00e3o de Contrato:<\/strong><\/p><p>Assessoria em casos de rescis\u00e3o contratual, incluindo demiss\u00f5es, pedidos de demiss\u00e3o, e negocia\u00e7\u00f5es de acordos rescis\u00f3rios.<\/p><p><strong>Reclamat\u00f3rias Trabalhistas:<\/strong><\/p><p>Representa\u00e7\u00e3o em reclamat\u00f3rias trabalhistas, tanto para empregadores quanto para empregados, visando a defesa ou busca por direitos n\u00e3o atendidos.<\/p><p><strong>Orienta\u00e7\u00e3o sobre Direitos Trabalhistas:<\/strong><\/p><p>Orienta\u00e7\u00e3o jur\u00eddica completa sobre os direitos e deveres trabalhistas, garantindo que os clientes estejam cientes de seus direitos e possam tomar decis\u00f5es informadas.<\/p><p><strong>Negocia\u00e7\u00f5es Coletivas:<\/strong><\/p><p>Assessoria em negocia\u00e7\u00f5es coletivas, participando de acordos e conven\u00e7\u00f5es coletivas de trabalho para garantir condi\u00e7\u00f5es justas e equilibradas para ambas as partes.<\/p><p><strong>Ass\u00e9dio Moral e Discrimina\u00e7\u00e3o:<\/strong><\/p><p>Representa\u00e7\u00e3o em casos de ass\u00e9dio moral e discrimina\u00e7\u00e3o no ambiente de trabalho, buscando repara\u00e7\u00e3o para os trabalhadores afetados.<\/p><p><strong>Jornada de Trabalho e Remunera\u00e7\u00e3o:<\/strong><\/p><p>Orienta\u00e7\u00e3o e representa\u00e7\u00e3o em quest\u00f5es relacionadas \u00e0 jornada de trabalho, horas extras, remunera\u00e7\u00e3o e outros aspectos salariais.<\/p><p><strong>Seguran\u00e7a e Medicina do Trabalho:<\/strong><\/p><p>Assessoria em temas relacionados \u00e0 seguran\u00e7a e medicina do trabalho, incluindo acidentes laborais, emiss\u00e3o de CAT, e cumprimento de normas regulamentadoras.<\/p><p><strong>Homologa\u00e7\u00e3o de Acordos:<\/strong><\/p><p>Participa\u00e7\u00e3o e assessoria em processos de homologa\u00e7\u00e3o de acordos trabalhistas perante sindicatos e \u00f3rg\u00e3os competentes.<\/p><p><strong>A\u00e7\u00f5es de Cumprimento e Execu\u00e7\u00e3o:<\/strong><\/p><p>Atua\u00e7\u00e3o em a\u00e7\u00f5es de cumprimento e execu\u00e7\u00e3o de decis\u00f5es trabalhistas, garantindo que os acordos e senten\u00e7as sejam efetivamente cumpridos.<\/p><p><strong>Atualiza\u00e7\u00f5es Legislativas e Compliance:<\/strong><\/p><p>Manuten\u00e7\u00e3o constante de atualiza\u00e7\u00f5es legislativas na \u00e1rea trabalhista e orienta\u00e7\u00e3o sobre compliance, garantindo que empregadores estejam em conformidade com a legisla\u00e7\u00e3o vigente.<\/p>\t\t\t\t\t\t<\/div>\n\t\t\t\t<\/div>\n\t\t\t\t<\/div>\n\t\t\t\t\t<\/div>\n\t\t\t\t<\/div>\n\t\t<div class=\"elementor-element elementor-element-4b8d31a e-flex e-con-boxed e-con e-parent\" data-id=\"4b8d31a\" data-element_type=\"container\" data-settings=\"{&quot;background_background&quot;:&quot;classic&quot;,&quot;content_width&quot;:&quot;boxed&quot;}\" data-core-v316-plus=\"true\">\n\t\t\t\t\t<div class=\"e-con-inner\">\n\t\t\t\t<div class=\"elementor-element elementor-element-ee8d095 elementor-widget elementor-widget-button\" data-id=\"ee8d095\" data-element_type=\"widget\" data-widget_type=\"button.default\">\n\t\t\t\t<div class=\"elementor-widget-container\">\n\t\t\t\t\t<div class=\"elementor-button-wrapper\">\n\t\t\t<a class=\"elementor-button elementor-button-link elementor-size-sm\" href=\"https:\/\/advocaciajacques.com.br\/index.php\/contate-nos\/\">\n\t\t\t\t\t\t<span class=\"elementor-button-content-wrapper\">\n\t\t\t\t\t\t<span class=\"elementor-button-text\">Contate-nos<\/span>\n\t\t<\/span>\n\t\t\t\t\t<\/a>\n\t\t<\/div>\n\t\t\t\t<\/div>\n\t\t\t\t<\/div>\n\t\t\t\t<div class=\"elementor-element elementor-element-7d2bfe5 elementor-widget-divider--view-line elementor-widget elementor-widget-divider\" data-id=\"7d2bfe5\" data-element_type=\"widget\" data-widget_type=\"divider.default\">\n\t\t\t\t<div class=\"elementor-widget-container\">\n\t\t\t<style>\/*! elementor - v3.17.0 - 01-11-2023 *\/\n.elementor-widget-divider{--divider-border-style:none;--divider-border-width:1px;--divider-color:#0c0d0e;--divider-icon-size:20px;--divider-element-spacing:10px;--divider-pattern-height:24px;--divider-pattern-size:20px;--divider-pattern-url:none;--divider-pattern-repeat:repeat-x}.elementor-widget-divider .elementor-divider{display:flex}.elementor-widget-divider .elementor-divider__text{font-size:15px;line-height:1;max-width:95%}.elementor-widget-divider .elementor-divider__element{margin:0 var(--divider-element-spacing);flex-shrink:0}.elementor-widget-divider .elementor-icon{font-size:var(--divider-icon-size)}.elementor-widget-divider .elementor-divider-separator{display:flex;margin:0;direction:ltr}.elementor-widget-divider--view-line_icon .elementor-divider-separator,.elementor-widget-divider--view-line_text .elementor-divider-separator{align-items:center}.elementor-widget-divider--view-line_icon .elementor-divider-separator:after,.elementor-widget-divider--view-line_icon .elementor-divider-separator:before,.elementor-widget-divider--view-line_text .elementor-divider-separator:after,.elementor-widget-divider--view-line_text .elementor-divider-separator:before{display:block;content:\"\";border-bottom:0;flex-grow:1;border-top:var(--divider-border-width) var(--divider-border-style) var(--divider-color)}.elementor-widget-divider--element-align-left .elementor-divider .elementor-divider-separator>.elementor-divider__svg:first-of-type{flex-grow:0;flex-shrink:100}.elementor-widget-divider--element-align-left .elementor-divider-separator:before{content:none}.elementor-widget-divider--element-align-left .elementor-divider__element{margin-left:0}.elementor-widget-divider--element-align-right .elementor-divider .elementor-divider-separator>.elementor-divider__svg:last-of-type{flex-grow:0;flex-shrink:100}.elementor-widget-divider--element-align-right .elementor-divider-separator:after{content:none}.elementor-widget-divider--element-align-right .elementor-divider__element{margin-right:0}.elementor-widget-divider:not(.elementor-widget-divider--view-line_text):not(.elementor-widget-divider--view-line_icon) .elementor-divider-separator{border-top:var(--divider-border-width) var(--divider-border-style) var(--divider-color)}.elementor-widget-divider--separator-type-pattern{--divider-border-style:none}.elementor-widget-divider--separator-type-pattern.elementor-widget-divider--view-line .elementor-divider-separator,.elementor-widget-divider--separator-type-pattern:not(.elementor-widget-divider--view-line) .elementor-divider-separator:after,.elementor-widget-divider--separator-type-pattern:not(.elementor-widget-divider--view-line) .elementor-divider-separator:before,.elementor-widget-divider--separator-type-pattern:not([class*=elementor-widget-divider--view]) .elementor-divider-separator{width:100%;min-height:var(--divider-pattern-height);-webkit-mask-size:var(--divider-pattern-size) 100%;mask-size:var(--divider-pattern-size) 100%;-webkit-mask-repeat:var(--divider-pattern-repeat);mask-repeat:var(--divider-pattern-repeat);background-color:var(--divider-color);-webkit-mask-image:var(--divider-pattern-url);mask-image:var(--divider-pattern-url)}.elementor-widget-divider--no-spacing{--divider-pattern-size:auto}.elementor-widget-divider--bg-round{--divider-pattern-repeat:round}.rtl .elementor-widget-divider .elementor-divider__text{direction:rtl}.e-con-inner>.elementor-widget-divider,.e-con>.elementor-widget-divider{width:var(--container-widget-width,100%);--flex-grow:var(--container-widget-flex-grow)}<\/style>\t\t<div class=\"elementor-divider\">\n\t\t\t<span class=\"elementor-divider-separator\">\n\t\t\t\t\t\t<\/span>\n\t\t<\/div>\n\t\t\t\t<\/div>\n\t\t\t\t<\/div>\n\t\t\t\t\t<\/div>\n\t\t\t\t<\/div>\n\t\t\t\t\t\t\t<\/div>\n\t\t","protected":false},"excerpt":{"rendered":"<p>Direito Trabalhista A Advocacia Jacques Cardoso da Cruz presta servi\u00e7os especializados na \u00e1rea trabalhista, assegurando os direitos e interesses de trabalhadores e empregadores. Abaixo, destacamos alguns dos principais aspectos do nosso atendimento nessa \u00e1rea: Rescis\u00e3o de Contrato: Assessoria em casos de rescis\u00e3o contratual, incluindo demiss\u00f5es, pedidos de demiss\u00e3o, e negocia\u00e7\u00f5es de acordos rescis\u00f3rios. Reclamat\u00f3rias Trabalhistas: [&hellip;]<\/p>\n","protected":false},"author":1,"featured_media":0,"parent":0,"menu_order":0,"comment_status":"closed","ping_status":"closed","template":"elementor_header_footer","meta":{"footnotes":""},"_links":{"self":[{"href":"https:\/\/advocaciajacques.com.br\/index.php\/wp-json\/wp\/v2\/pages\/1880"}],"collection":[{"href":"https:\/\/advocaciajacques.com.br\/index.php\/wp-json\/wp\/v2\/pages"}],"about":[{"href":"https:\/\/advocaciajacques.com.br\/index.php\/wp-json\/wp\/v2\/types\/page"}],"author":[{"embeddable":true,"href":"https:\/\/advocaciajacques.com.br\/index.php\/wp-json\/wp\/v2\/users\/1"}],"replies":[{"embeddable":true,"href":"https:\/\/advocaciajacques.com.br\/index.php\/wp-json\/wp\/v2\/comments?post=1880"}],"version-history":[{"count":10,"href":"https:\/\/advocaciajacques.com.br\/index.php\/wp-json\/wp\/v2\/pages\/1880\/revisions"}],"predecessor-version":[{"id":2112,"href":"https:\/\/advocaciajacques.com.br\/index.php\/wp-json\/wp\/v2\/pages\/1880\/revisions\/2112"}],"wp:attachment":[{"href":"https:\/\/advocaciajacques.com.br\/index.php\/wp-json\/wp\/v2\/media?parent=1880"}],"curies":[{"name":"wp","href":"https:\/\/api.w.org\/{rel}","templated":true}]}}