{"id":2181,"date":"2024-01-25T17:17:20","date_gmt":"2024-01-25T20:17:20","guid":{"rendered":"https:\/\/advocaciajacques.com.br\/?page_id=2181"},"modified":"2024-01-25T17:20:07","modified_gmt":"2024-01-25T20:20:07","slug":"politica-de-privacidade","status":"publish","type":"page","link":"https:\/\/advocaciajacques.com.br\/index.php\/politica-de-privacidade\/","title":{"rendered":"Pol\u00edtica de Privacidade"},"content":{"rendered":"\t\t<div data-elementor-type=\"wp-page\" data-elementor-id=\"2181\" class=\"elementor elementor-2181\">\n\t\t\t\t\t\t\t<div class=\"elementor-element elementor-element-13e12dfa e-flex e-con-boxed e-con e-parent\" data-id=\"13e12dfa\" data-element_type=\"container\" data-settings=\"{&quot;background_background&quot;:&quot;classic&quot;,&quot;content_width&quot;:&quot;boxed&quot;}\" data-core-v316-plus=\"true\">\n\t\t\t\t\t<div class=\"e-con-inner\">\n\t\t<div class=\"elementor-element elementor-element-1c4ababd e-con-full e-flex e-con e-child\" data-id=\"1c4ababd\" data-element_type=\"container\" data-settings=\"{&quot;content_width&quot;:&quot;full&quot;}\">\n\t\t\t\t<\/div>\n\t\t<div class=\"elementor-element elementor-element-46361a01 e-flex e-con-boxed e-con e-child\" data-id=\"46361a01\" data-element_type=\"container\" data-settings=\"{&quot;content_width&quot;:&quot;boxed&quot;}\">\n\t\t\t\t\t<div class=\"e-con-inner\">\n\t\t\t\t<div class=\"elementor-element elementor-element-561e9689 elementor-widget elementor-widget-heading\" data-id=\"561e9689\" data-element_type=\"widget\" data-widget_type=\"heading.default\">\n\t\t\t\t<div class=\"elementor-widget-container\">\n\t\t\t<style>\/*! elementor - v3.17.0 - 01-11-2023 *\/\n.elementor-heading-title{padding:0;margin:0;line-height:1}.elementor-widget-heading .elementor-heading-title[class*=elementor-size-]>a{color:inherit;font-size:inherit;line-height:inherit}.elementor-widget-heading .elementor-heading-title.elementor-size-small{font-size:15px}.elementor-widget-heading .elementor-heading-title.elementor-size-medium{font-size:19px}.elementor-widget-heading .elementor-heading-title.elementor-size-large{font-size:29px}.elementor-widget-heading .elementor-heading-title.elementor-size-xl{font-size:39px}.elementor-widget-heading .elementor-heading-title.elementor-size-xxl{font-size:59px}<\/style><h2 class=\"elementor-heading-title elementor-size-default\">Pol\u00edtica de Privacidade<\/h2>\t\t<\/div>\n\t\t\t\t<\/div>\n\t\t\t\t\t<\/div>\n\t\t\t\t<\/div>\n\t\t\t\t\t<\/div>\n\t\t\t\t<\/div>\n\t\t<div class=\"elementor-element elementor-element-01cb798 e-flex e-con-boxed e-con e-parent\" data-id=\"01cb798\" data-element_type=\"container\" data-settings=\"{&quot;background_background&quot;:&quot;classic&quot;,&quot;content_width&quot;:&quot;boxed&quot;}\" data-core-v316-plus=\"true\">\n\t\t\t\t\t<div class=\"e-con-inner\">\n\t\t<div class=\"elementor-element elementor-element-0603a13 e-con-full e-flex e-con e-child\" data-id=\"0603a13\" data-element_type=\"container\" data-settings=\"{&quot;content_width&quot;:&quot;full&quot;}\">\n\t\t\t\t<div class=\"elementor-element elementor-element-84394b2 elementor-widget elementor-widget-text-editor\" data-id=\"84394b2\" data-element_type=\"widget\" data-widget_type=\"text-editor.default\">\n\t\t\t\t<div class=\"elementor-widget-container\">\n\t\t\t<style>\/*! elementor - v3.17.0 - 01-11-2023 *\/\n.elementor-widget-text-editor.elementor-drop-cap-view-stacked .elementor-drop-cap{background-color:#69727d;color:#fff}.elementor-widget-text-editor.elementor-drop-cap-view-framed .elementor-drop-cap{color:#69727d;border:3px solid;background-color:transparent}.elementor-widget-text-editor:not(.elementor-drop-cap-view-default) .elementor-drop-cap{margin-top:8px}.elementor-widget-text-editor:not(.elementor-drop-cap-view-default) .elementor-drop-cap-letter{width:1em;height:1em}.elementor-widget-text-editor .elementor-drop-cap{float:left;text-align:center;line-height:1;font-size:50px}.elementor-widget-text-editor .elementor-drop-cap-letter{display:inline-block}<\/style>\t\t\t\t<p><!-- wp:paragraph --><\/p><p><strong>A Advocacia Jacques Cardoso da Cruz est\u00e1 comprometida em proteger a privacidade dos visitantes do nosso site. Esta Pol\u00edtica de Privacidade descreve como coletamos, usamos, divulgamos e protegemos as informa\u00e7\u00f5es pessoais que voc\u00ea nos fornece.<\/strong><\/p><p><!-- \/wp:paragraph --> <!-- wp:paragraph --><\/p><p><strong>Informa\u00e7\u00f5es Pessoais:<\/strong><\/p><p>Podemos coletar informa\u00e7\u00f5es pessoais, como nome, endere\u00e7o de e-mail, n\u00famero de telefone e outras informa\u00e7\u00f5es que voc\u00ea fornece voluntariamente ao entrar em contato conosco ou preencher formul\u00e1rios em nosso site.<\/p><p><!-- \/wp:list --> <!-- wp:paragraph --><\/p><p><strong>Informa\u00e7\u00f5es de Navega\u00e7\u00e3o:<\/strong><\/p><p>Coletamos automaticamente informa\u00e7\u00f5es n\u00e3o identific\u00e1veis, como endere\u00e7o IP, tipo de navegador, p\u00e1ginas visitadas e outros dados relacionados \u00e0 sua intera\u00e7\u00e3o com o site.<\/p><p><!-- \/wp:list --> <!-- wp:paragraph --><\/p><p><strong>Uso das Informa\u00e7\u00f5es:<\/strong><\/p><p><!-- \/wp:paragraph --> <!-- wp:paragraph --><\/p><p><strong>Fins Legais:<\/strong><\/p><p>Utilizamos suas informa\u00e7\u00f5es pessoais para fornecer os servi\u00e7os solicitados, responder a consultas e cumprir obriga\u00e7\u00f5es contratuais.<\/p><p><!-- \/wp:list --> <!-- wp:paragraph --><\/p><p><strong>Marketing:<\/strong><\/p><p>Com sua permiss\u00e3o, podemos usar suas informa\u00e7\u00f5es para enviar comunica\u00e7\u00f5es de marketing sobre nossos servi\u00e7os que possam ser do seu interesse.<\/p><p><!-- \/wp:list --> <!-- wp:paragraph --><\/p><p><strong>Cookies:<\/strong>Utilizamos cookies para melhorar a experi\u00eancia do usu\u00e1rio, analisar o tr\u00e1fego do site e personalizar conte\u00fado. Voc\u00ea pode desativar os cookies nas configura\u00e7\u00f5es do seu navegador.<\/p><p><!-- \/wp:list --> <!-- wp:paragraph --><\/p><p><strong>Seguran\u00e7a:<\/strong><\/p><p>Implementamos medidas de seguran\u00e7a para proteger suas informa\u00e7\u00f5es contra acesso n\u00e3o autorizado, altera\u00e7\u00e3o, divulga\u00e7\u00e3o ou destrui\u00e7\u00e3o.<\/p><p><!-- \/wp:list --> <!-- wp:paragraph --><\/p><p><strong>Seus Direitos:<\/strong><\/p><p>Voc\u00ea tem o direito de acessar, corrigir ou excluir suas informa\u00e7\u00f5es pessoais. Entre em contato conosco para exercer esses direitos.<\/p><p><!-- \/wp:list --> <!-- wp:paragraph --><\/p><p><strong>Altera\u00e7\u00f5es nesta Pol\u00edtica:<\/strong><\/p><p>Reservamo-nos o direito de atualizar esta Pol\u00edtica de Privacidade periodicamente. Recomendamos que voc\u00ea reveja esta p\u00e1gina regularmente para estar ciente de quaisquer altera\u00e7\u00f5es.<\/p><p><!-- \/wp:list --> <!-- wp:paragraph --><\/p><p><strong>Contato:<\/strong><\/p><p>Se tiver d\u00favidas sobre esta Pol\u00edtica de Privacidade, entre em contato conosco atrav\u00e9s do [inserir endere\u00e7o de e-mail ou formul\u00e1rio de contato].<\/p><p><!-- \/wp:list --> <!-- wp:paragraph --><\/p><p>Ao usar nosso site, voc\u00ea concorda com os termos desta Pol\u00edtica de Privacidade.<\/p><p><!-- \/wp:paragraph --><\/p>\t\t\t\t\t\t<\/div>\n\t\t\t\t<\/div>\n\t\t\t\t<\/div>\n\t\t\t\t\t<\/div>\n\t\t\t\t<\/div>\n\t\t<div class=\"elementor-element elementor-element-4b8d31a e-flex e-con-boxed e-con e-parent\" data-id=\"4b8d31a\" data-element_type=\"container\" data-settings=\"{&quot;background_background&quot;:&quot;classic&quot;,&quot;content_width&quot;:&quot;boxed&quot;}\" data-core-v316-plus=\"true\">\n\t\t\t\t\t<div class=\"e-con-inner\">\n\t\t\t\t<div class=\"elementor-element elementor-element-ee8d095 elementor-widget elementor-widget-button\" data-id=\"ee8d095\" data-element_type=\"widget\" data-widget_type=\"button.default\">\n\t\t\t\t<div class=\"elementor-widget-container\">\n\t\t\t\t\t<div class=\"elementor-button-wrapper\">\n\t\t\t<a class=\"elementor-button elementor-button-link elementor-size-sm\" href=\"https:\/\/advocaciajacques.com.br\/index.php\/contate-nos\/\">\n\t\t\t\t\t\t<span class=\"elementor-button-content-wrapper\">\n\t\t\t\t\t\t<span class=\"elementor-button-text\">Contate-nos<\/span>\n\t\t<\/span>\n\t\t\t\t\t<\/a>\n\t\t<\/div>\n\t\t\t\t<\/div>\n\t\t\t\t<\/div>\n\t\t\t\t<div class=\"elementor-element elementor-element-7d2bfe5 elementor-widget-divider--view-line elementor-widget elementor-widget-divider\" data-id=\"7d2bfe5\" data-element_type=\"widget\" data-widget_type=\"divider.default\">\n\t\t\t\t<div class=\"elementor-widget-container\">\n\t\t\t<style>\/*! elementor - v3.17.0 - 01-11-2023 *\/\n.elementor-widget-divider{--divider-border-style:none;--divider-border-width:1px;--divider-color:#0c0d0e;--divider-icon-size:20px;--divider-element-spacing:10px;--divider-pattern-height:24px;--divider-pattern-size:20px;--divider-pattern-url:none;--divider-pattern-repeat:repeat-x}.elementor-widget-divider .elementor-divider{display:flex}.elementor-widget-divider .elementor-divider__text{font-size:15px;line-height:1;max-width:95%}.elementor-widget-divider .elementor-divider__element{margin:0 var(--divider-element-spacing);flex-shrink:0}.elementor-widget-divider .elementor-icon{font-size:var(--divider-icon-size)}.elementor-widget-divider .elementor-divider-separator{display:flex;margin:0;direction:ltr}.elementor-widget-divider--view-line_icon .elementor-divider-separator,.elementor-widget-divider--view-line_text .elementor-divider-separator{align-items:center}.elementor-widget-divider--view-line_icon .elementor-divider-separator:after,.elementor-widget-divider--view-line_icon .elementor-divider-separator:before,.elementor-widget-divider--view-line_text .elementor-divider-separator:after,.elementor-widget-divider--view-line_text .elementor-divider-separator:before{display:block;content:\"\";border-bottom:0;flex-grow:1;border-top:var(--divider-border-width) var(--divider-border-style) var(--divider-color)}.elementor-widget-divider--element-align-left .elementor-divider .elementor-divider-separator>.elementor-divider__svg:first-of-type{flex-grow:0;flex-shrink:100}.elementor-widget-divider--element-align-left .elementor-divider-separator:before{content:none}.elementor-widget-divider--element-align-left .elementor-divider__element{margin-left:0}.elementor-widget-divider--element-align-right .elementor-divider .elementor-divider-separator>.elementor-divider__svg:last-of-type{flex-grow:0;flex-shrink:100}.elementor-widget-divider--element-align-right .elementor-divider-separator:after{content:none}.elementor-widget-divider--element-align-right .elementor-divider__element{margin-right:0}.elementor-widget-divider:not(.elementor-widget-divider--view-line_text):not(.elementor-widget-divider--view-line_icon) .elementor-divider-separator{border-top:var(--divider-border-width) var(--divider-border-style) var(--divider-color)}.elementor-widget-divider--separator-type-pattern{--divider-border-style:none}.elementor-widget-divider--separator-type-pattern.elementor-widget-divider--view-line .elementor-divider-separator,.elementor-widget-divider--separator-type-pattern:not(.elementor-widget-divider--view-line) .elementor-divider-separator:after,.elementor-widget-divider--separator-type-pattern:not(.elementor-widget-divider--view-line) .elementor-divider-separator:before,.elementor-widget-divider--separator-type-pattern:not([class*=elementor-widget-divider--view]) .elementor-divider-separator{width:100%;min-height:var(--divider-pattern-height);-webkit-mask-size:var(--divider-pattern-size) 100%;mask-size:var(--divider-pattern-size) 100%;-webkit-mask-repeat:var(--divider-pattern-repeat);mask-repeat:var(--divider-pattern-repeat);background-color:var(--divider-color);-webkit-mask-image:var(--divider-pattern-url);mask-image:var(--divider-pattern-url)}.elementor-widget-divider--no-spacing{--divider-pattern-size:auto}.elementor-widget-divider--bg-round{--divider-pattern-repeat:round}.rtl .elementor-widget-divider .elementor-divider__text{direction:rtl}.e-con-inner>.elementor-widget-divider,.e-con>.elementor-widget-divider{width:var(--container-widget-width,100%);--flex-grow:var(--container-widget-flex-grow)}<\/style>\t\t<div class=\"elementor-divider\">\n\t\t\t<span class=\"elementor-divider-separator\">\n\t\t\t\t\t\t<\/span>\n\t\t<\/div>\n\t\t\t\t<\/div>\n\t\t\t\t<\/div>\n\t\t\t\t\t<\/div>\n\t\t\t\t<\/div>\n\t\t\t\t\t\t\t<\/div>\n\t\t","protected":false},"excerpt":{"rendered":"<p>Pol\u00edtica de Privacidade A Advocacia Jacques Cardoso da Cruz est\u00e1 comprometida em proteger a privacidade dos visitantes do nosso site. Esta Pol\u00edtica de Privacidade descreve como coletamos, usamos, divulgamos e protegemos as informa\u00e7\u00f5es pessoais que voc\u00ea nos fornece. Informa\u00e7\u00f5es Pessoais: Podemos coletar informa\u00e7\u00f5es pessoais, como nome, endere\u00e7o de e-mail, n\u00famero de telefone e outras informa\u00e7\u00f5es [&hellip;]<\/p>\n","protected":false},"author":1,"featured_media":0,"parent":0,"menu_order":0,"comment_status":"closed","ping_status":"closed","template":"elementor_header_footer","meta":{"footnotes":""},"_links":{"self":[{"href":"https:\/\/advocaciajacques.com.br\/index.php\/wp-json\/wp\/v2\/pages\/2181"}],"collection":[{"href":"https:\/\/advocaciajacques.com.br\/index.php\/wp-json\/wp\/v2\/pages"}],"about":[{"href":"https:\/\/advocaciajacques.com.br\/index.php\/wp-json\/wp\/v2\/types\/page"}],"author":[{"embeddable":true,"href":"https:\/\/advocaciajacques.com.br\/index.php\/wp-json\/wp\/v2\/users\/1"}],"replies":[{"embeddable":true,"href":"https:\/\/advocaciajacques.com.br\/index.php\/wp-json\/wp\/v2\/comments?post=2181"}],"version-history":[{"count":13,"href":"https:\/\/advocaciajacques.com.br\/index.php\/wp-json\/wp\/v2\/pages\/2181\/revisions"}],"predecessor-version":[{"id":2194,"href":"https:\/\/advocaciajacques.com.br\/index.php\/wp-json\/wp\/v2\/pages\/2181\/revisions\/2194"}],"wp:attachment":[{"href":"https:\/\/advocaciajacques.com.br\/index.php\/wp-json\/wp\/v2\/media?parent=2181"}],"curies":[{"name":"wp","href":"https:\/\/api.w.org\/{rel}","templated":true}]}}